{"id":11,"date":"2026-02-03T14:12:47","date_gmt":"2026-02-03T14:12:47","guid":{"rendered":"http:\/\/sfl.com.pl\/?page_id=11"},"modified":"2026-02-03T14:12:47","modified_gmt":"2026-02-03T14:12:47","slug":"social-factory-lab","status":"publish","type":"page","link":"https:\/\/sfl.com.pl\/","title":{"rendered":"Social Factory Lab"},"content":{"rendered":"\n<p>Badania spo\u0142eczne i analityka<\/p>\n\n\n\n<p>Social Factory Lab to niezale\u017cna inicjatywa badawcza zajmuj\u0105ca si\u0119 analiz\u0105 postaw spo\u0142ecznych, proces\u00f3w transformacyjnych oraz relacji mi\u0119dzy technologi\u0105, energi\u0105 i spo\u0142ecze\u0144stwem.<\/p>\n\n\n\n<p>\u0141\u0105czymy podej\u015bcie akademickie z praktycznym wykorzystaniem danych, wspieraj\u0105c instytucje publiczne, organizacje pozarz\u0105dowe oraz biznes w podejmowaniu \u015bwiadomych decyzji.<\/p>\n\n\n\n<p>Zakres dzia\u0142a\u0144<br>\u2013 badania spo\u0142eczne (ilo\u015bciowe i jako\u015bciowe)<br>\u2013 analizy opinii publicznej<br>\u2013 raporty badawcze i ekspertyzy<br>\u2013 konsultacje strategiczne<\/p>\n\n\n\n<p>Kontakt<br>s_jaskowiak@wp.pl<\/p>\n","protected":false},"excerpt":{"rendered":"<p>Badania spo\u0142eczne i analityka Social Factory Lab to niezale\u017cna inicjatywa badawcza zajmuj\u0105ca si\u0119 analiz\u0105 postaw spo\u0142ecznych, proces\u00f3w transformacyjnych oraz relacji mi\u0119dzy technologi\u0105, energi\u0105 i spo\u0142ecze\u0144stwem. \u0141\u0105czymy podej\u015bcie akademickie z praktycznym wykorzystaniem danych, wspieraj\u0105c instytucje publiczne, organizacje pozarz\u0105dowe oraz biznes w podejmowaniu \u015bwiadomych decyzji. Zakres dzia\u0142a\u0144\u2013 badania spo\u0142eczne (ilo\u015bciowe i jako\u015bciowe)\u2013 analizy opinii publicznej\u2013 raporty badawcze [&hellip;]<\/p>\n","protected":false},"author":1,"featured_media":0,"parent":0,"menu_order":0,"comment_status":"closed","ping_status":"closed","template":"","meta":{"footnotes":""},"class_list":["post-11","page","type-page","status-publish","hentry"],"_links":{"self":[{"href":"https:\/\/sfl.com.pl\/index.php\/wp-json\/wp\/v2\/pages\/11","targetHints":{"allow":["GET"]}}],"collection":[{"href":"https:\/\/sfl.com.pl\/index.php\/wp-json\/wp\/v2\/pages"}],"about":[{"href":"https:\/\/sfl.com.pl\/index.php\/wp-json\/wp\/v2\/types\/page"}],"author":[{"embeddable":true,"href":"https:\/\/sfl.com.pl\/index.php\/wp-json\/wp\/v2\/users\/1"}],"replies":[{"embeddable":true,"href":"https:\/\/sfl.com.pl\/index.php\/wp-json\/wp\/v2\/comments?post=11"}],"version-history":[{"count":1,"href":"https:\/\/sfl.com.pl\/index.php\/wp-json\/wp\/v2\/pages\/11\/revisions"}],"predecessor-version":[{"id":12,"href":"https:\/\/sfl.com.pl\/index.php\/wp-json\/wp\/v2\/pages\/11\/revisions\/12"}],"wp:attachment":[{"href":"https:\/\/sfl.com.pl\/index.php\/wp-json\/wp\/v2\/media?parent=11"}],"curies":[{"name":"wp","href":"https:\/\/api.w.org\/{rel}","templated":true}]}}